{"id":42,"date":"2023-03-07T11:18:23","date_gmt":"2023-03-07T10:18:23","guid":{"rendered":"https:\/\/sailingmirabella.com\/?page_id=42"},"modified":"2023-03-07T15:48:54","modified_gmt":"2023-03-07T14:48:54","slug":"yacht","status":"publish","type":"page","link":"https:\/\/sailingmirabella.com\/de\/yacht\/","title":{"rendered":"X-Yachts X-482"},"content":{"rendered":"<p>Die Mirabella ist eine X-482, ein Performance Cruiser des renommierten und hoch angesehenen d\u00e4nischen Yachtbauers X-Yachts. Gebaut im Jahr 1999.<\/p>\n<p>Wenn Sie auf der Suche nach einem Blauwasser-Performance-Cruiser sind, der komplett neu ausgestattet und bereit ist, \u00fcberall hinzugehen und als Erster anzukommen, dann ist dies Ihre Yacht. Sie bietet ein unvergleichliches Segelvergn\u00fcgen bei allen Windverh\u00e4ltnissen.<\/p>\n<p>Alle Ger\u00e4te neu, diese X-Yachts X-482 wurde in den letzten Jahren (2016-2022) komplett \u00fcberholt. Alle Systeme (Takelage, Segel, Elektronik, Elektrik, Solar, Farbe, Wassermacher, Beiboot, Bodenbretter, Polsterung usw.) wurden ersetzt. Die Yacht wurde nach den h\u00f6chstm\u00f6glichen Standards gewartet und es wurden keine Kosten gescheut.<\/p>\n<p>Mirabella wurde 1999 f\u00fcr einen britischen Eigner gebaut. Wir kauften sie 2014 in Port Grimaud, Cote d'Azur. In den ersten 3 Jahren segelten wir Mirabella in Frankreich, Italien und Korsika. Das gab uns Zeit, sie kennenzulernen und \u00fcber die notwendigen Upgrades zu entscheiden, um sie kreuzfahrttauglich zu machen.<\/p>\n<p><img data-recalc-dims=\"1\" loading=\"lazy\" decoding=\"async\" data-attachment-id=\"6597\" data-permalink=\"https:\/\/sailingmirabella.com\/de\/yacht\/wp-1644500134723\/\" data-orig-file=\"https:\/\/i0.wp.com\/sailingmirabella.com\/wp-content\/uploads\/2022\/02\/wp-1644500134723.jpg?fit=1730%2C1746&amp;ssl=1\" data-orig-size=\"1730,1746\" data-comments-opened=\"1\" data-image-meta=\"{&quot;aperture&quot;:&quot;1.6&quot;,&quot;credit&quot;:&quot;&quot;,&quot;camera&quot;:&quot;iPhone 12 Pro Max&quot;,&quot;caption&quot;:&quot;&quot;,&quot;created_timestamp&quot;:&quot;1644408870&quot;,&quot;copyright&quot;:&quot;&quot;,&quot;focal_length&quot;:&quot;5.1&quot;,&quot;iso&quot;:&quot;32&quot;,&quot;shutter_speed&quot;:&quot;0.0001&quot;,&quot;title&quot;:&quot;&quot;,&quot;orientation&quot;:&quot;1&quot;}\" data-image-title=\"wp-1644500134723\" data-image-description=\"\" data-image-caption=\"\" data-large-file=\"https:\/\/i0.wp.com\/sailingmirabella.com\/wp-content\/uploads\/2022\/02\/wp-1644500134723.jpg?fit=825%2C832&amp;ssl=1\" class=\"alignnone size-full wp-image-6597\" src=\"https:\/\/i0.wp.com\/sailingmirabella.com\/wp-content\/uploads\/2022\/02\/wp-1644500134723.jpg?resize=825%2C833&#038;ssl=1\" alt=\"\" width=\"825\" height=\"833\" srcset=\"https:\/\/i0.wp.com\/sailingmirabella.com\/wp-content\/uploads\/2022\/02\/wp-1644500134723.jpg?w=1730&amp;ssl=1 1730w, https:\/\/i0.wp.com\/sailingmirabella.com\/wp-content\/uploads\/2022\/02\/wp-1644500134723.jpg?resize=297%2C300&amp;ssl=1 297w, https:\/\/i0.wp.com\/sailingmirabella.com\/wp-content\/uploads\/2022\/02\/wp-1644500134723.jpg?resize=1015%2C1024&amp;ssl=1 1015w, https:\/\/i0.wp.com\/sailingmirabella.com\/wp-content\/uploads\/2022\/02\/wp-1644500134723.jpg?resize=150%2C150&amp;ssl=1 150w, https:\/\/i0.wp.com\/sailingmirabella.com\/wp-content\/uploads\/2022\/02\/wp-1644500134723.jpg?resize=768%2C775&amp;ssl=1 768w, https:\/\/i0.wp.com\/sailingmirabella.com\/wp-content\/uploads\/2022\/02\/wp-1644500134723.jpg?resize=1522%2C1536&amp;ssl=1 1522w, https:\/\/i0.wp.com\/sailingmirabella.com\/wp-content\/uploads\/2022\/02\/wp-1644500134723.jpg?resize=1200%2C1211&amp;ssl=1 1200w, https:\/\/i0.wp.com\/sailingmirabella.com\/wp-content\/uploads\/2022\/02\/wp-1644500134723.jpg?w=1650&amp;ssl=1 1650w\" sizes=\"auto, (max-width: 825px) 100vw, 825px\" \/><\/p>\n<p>Mirabella ist auf einem Top-Standard gehalten, sie ist schnell und eine reine Freude zu segeln und f\u00fchlt sich immer sicher und k\u00fcmmert sich um die Crew.<\/p>\n<p>Als Vorbereitung f\u00fcr diese Weltumsegelung haben wir alle wichtigen Systeme der Mirabella aufger\u00fcstet und ersetzt. Die Highlights f\u00fcr diese Aufr\u00fcstung sind:<\/p>\n<ul>\n<li>Neues Rutengeschirr und laufendes Gut (Dyneema) 2015\/2016<\/li>\n<li>Neuer ma\u00dfgefertigter Kohlefaser-Bugspriet - 2016<\/li>\n<li>Neuanstrich des Rumpfes mit Awlcraft 2000 - 2019<\/li>\n<li>Alle neuen Segel: Neues Hydranet-Gro\u00dfsegel (2017) und Hydranet-Genua (2019), Code Zero (2019), Gennaker (2022)<\/li>\n<li>Neue Raymarine-Elektronik, 4x Kartenplotter, 2x Autopilotsteuerung, AIS, Radar, VHF, Autopilot (Elektronik und Linearantrieb), Iridum Go Installation, Fusion 700 (2016\/2017)<\/li>\n<li>Wassermacher: Schenker Smart 60 l\/h Wassermacher mit Energier\u00fcckgewinnungspumpe (2017)<\/li>\n<li>Lithium-Batterien: 450AH Kilovault LiFePo4-Akkus. Geladen mit angepassten Lithium-Ladeger\u00e4ten. (2021)<\/li>\n<li>230V-Wechselrichter: Mastervolt 2000 Watt 230V-Wechselrichter (2017)<\/li>\n<li>Solar: 600-Watt-Solarpaneele mit zwei Victron MPPT-Reglern auf einem speziell angefertigten Bogen aus Edelstahl (2017)<\/li>\n<li>Lichtmaschine: Extern geregelte 100Amp Balmar Lichtmaschine (2018)<\/li>\n<li>3.1m Highfield Beiboot, doppelter Aluminiumboden und aus Hyphalon mit 20PS 4-Takt Suzuki Au\u00dfenborder (2018)<\/li>\n<li>Heizung: Ebersp\u00e4cher D5 Zwangsluft-Dieselheizung (2016)<\/li>\n<li>Polsterung im Salon, Deluxe-Matratzen, Force 10 Ofen, Raitan elektrische Toilette, Magma BBQ (2017\/2019)<\/li>\n<li>Viking 6-Personen-Rettungsinsel (2017)<\/li>\n<\/ul>\n<h3>Ausr\u00fcstung:<\/h3>\n<h4>Segelplan:<\/h4>\n<ul>\n<li>Hauptteil: Vollst\u00e4ndig durchgelattet, triradial geschnitten. 60m2, Slab Reef HydraNet Tuch, von Zoomsail, neu 2017<\/li>\n<li>Genua: Fliegendes Genuasegel, 120%, 69m2, triradial geschnittenes HydraNet Tuch von Zoomsail, neu 2019<\/li>\n<li>Code Zero: Rollfock Code Zero, 105m2, 160% \u00dcberlappung, triradial, Dimension Polyant Cruise Precision Polyester 3.25oz, Neu 2019<\/li>\n<li>Gennaker: Top-Down-Rollgennaker, Nylon, 160m2 (2022)<\/li>\n<\/ul>\n<h4>Stehendes Ger\u00e4t<\/h4>\n<ul>\n<li>Schaluppe Marconi Masttr\u00e4ger<\/li>\n<li>Rodrigg mit drei Spreizen, Forstay, Achterstag und alle Wanten Neu 2015<\/li>\n<li>Navtec hydraulischer Achterstagspanner, Neu 2015<\/li>\n<li>Babystay, Neu 2015<\/li>\n<li>Laufendes Achterstag, Dyneema, Neu 2015<\/li>\n<\/ul>\n<h4>Laufband:<\/h4>\n<ul>\n<li>Zwei Genua-Fallen, eine 2:1 Code Zero-Falle, eine Spinnaker-Falle, alle Dyneema, neu 2017\/2019<\/li>\n<li>Alle Genua- und Spinnakerschoten sind aus Dyneema, 2016\/2018<\/li>\n<\/ul>\n<h3>Furler<\/h3>\n<ul>\n<li>Reckmann RS 2000 Genua-Rollreff<\/li>\n<li>Selden CX45 Top Down Endlosfurler f\u00fcr Code Zero und Gennaker, Neu 2017<\/li>\n<\/ul>\n<h4>Anderes Segel<\/h4>\n<ul>\n<li>Ma\u00dfgefertigter Bugspriet aus Kohlefaser mit Befestigungspunkt f\u00fcr Code Zero\/Gennaker-Roller (2016)<\/li>\n<li>Kohlefaser Spinnakerbaum, 5,7m lang, Neu 2018<\/li>\n<li>Zwei Leinen pro Seite f\u00fcr Spinnakerbaum vorn und achtern<\/li>\n<li>Alle erforderlichen Bl\u00f6cke und Befestigungspunkte f\u00fcr den Spinnakerbaum<\/li>\n<\/ul>\n<h4>Elektronik (alle neu 2015 - 2019)<\/h4>\n<ul>\n<li>Steuerpodest: Raymarine Kartenplotter eS75, Autopilotsteuerung P70, Multifunktionsdisplay i70 - Neu 2017<\/li>\n<li>Wegbegleiter: 3 Raymarine Kartenplotter a65, Autopilotsteuerung P70 - Neu 2017<\/li>\n<li>Navigationstisch: 1 Raymarine Kartenplotter C127, Multifunktionsanzeige i70 - Neu 2015<\/li>\n<li>AIS: Raymarine AIS650 Klasse B Transceiver mit AIS100 Splitter - Neu 2016<\/li>\n<li>VHF: Raymarine 260VHF (Nav-Tisch und Steuerpult) - Neu 2015<\/li>\n<li>Radar: Raymarine Quantum 2 Doppler CHIRP - Neu 2019<\/li>\n<li>Autopilot: Raymarine ACU400 mit EV1 und Linearantrieb 2, Neu 2019<\/li>\n<li>Radio, CD-Player Fusion 700 mit Subwoofer und 200W Au\u00dfenlautsprecher, Neu 2017<\/li>\n<li>Satellitenkommunikation: Iridium GO mit externer Antenne, Neu 2017<\/li>\n<\/ul>\n<h4>Stromerzeugung und -speicherung<\/h4>\n<ul>\n<li>600 Watt Solara Solarmodul auf zwei separaten Victron MPPT Ladeger\u00e4ten, Neu 2017<\/li>\n<li>Balmar 100A-Hochleistungslichtmaschine mit externem Balmar-Regler, Neu 2018<\/li>\n<li>450AH Lithium-Batterien (LiFePo4), neu 2021<\/li>\n<li>2000 Watt Wechselrichter, Mastervolt Massensinus 12\/2000<\/li>\n<\/ul>\n<h4>Dieselmotor<\/h4>\n<ul>\n<li>Yanmar 4JH2-HTE, 75 PS, Turbo und Ladeluftk\u00fchler<\/li>\n<li>2200 Stunden<\/li>\n<li>Flex-o-fold 3-Blatt-Faltpropeller<\/li>\n<li>Kardanantrieb<\/li>\n<\/ul>\n<p><img data-recalc-dims=\"1\" loading=\"lazy\" decoding=\"async\" data-attachment-id=\"5000\" data-permalink=\"https:\/\/sailingmirabella.com\/de\/yacht\/20210512_101650612186512950896549\/\" data-orig-file=\"https:\/\/i0.wp.com\/sailingmirabella.com\/wp-content\/uploads\/2021\/05\/20210512_101650612186512950896549.jpg?fit=3000%2C1688&amp;ssl=1\" data-orig-size=\"3000,1688\" data-comments-opened=\"1\" data-image-meta=\"{&quot;aperture&quot;:&quot;0&quot;,&quot;credit&quot;:&quot;&quot;,&quot;camera&quot;:&quot;&quot;,&quot;caption&quot;:&quot;&quot;,&quot;created_timestamp&quot;:&quot;0&quot;,&quot;copyright&quot;:&quot;&quot;,&quot;focal_length&quot;:&quot;0&quot;,&quot;iso&quot;:&quot;0&quot;,&quot;shutter_speed&quot;:&quot;0&quot;,&quot;title&quot;:&quot;&quot;,&quot;orientation&quot;:&quot;0&quot;}\" data-image-title=\"20210512_101650612186512950896549.jpg\" data-image-description=\"\" data-image-caption=\"\" data-large-file=\"https:\/\/i0.wp.com\/sailingmirabella.com\/wp-content\/uploads\/2021\/05\/20210512_101650612186512950896549.jpg?fit=825%2C464&amp;ssl=1\" class=\"wp-image-5000 alignnone size-full\" src=\"https:\/\/i0.wp.com\/sailingmirabella.com\/wp-content\/uploads\/2021\/05\/20210512_101650612186512950896549.jpg?resize=825%2C464&#038;ssl=1\" width=\"825\" height=\"464\" srcset=\"https:\/\/i0.wp.com\/sailingmirabella.com\/wp-content\/uploads\/2021\/05\/20210512_101650612186512950896549.jpg?w=3000&amp;ssl=1 3000w, https:\/\/i0.wp.com\/sailingmirabella.com\/wp-content\/uploads\/2021\/05\/20210512_101650612186512950896549.jpg?resize=300%2C169&amp;ssl=1 300w, https:\/\/i0.wp.com\/sailingmirabella.com\/wp-content\/uploads\/2021\/05\/20210512_101650612186512950896549.jpg?resize=1024%2C576&amp;ssl=1 1024w, https:\/\/i0.wp.com\/sailingmirabella.com\/wp-content\/uploads\/2021\/05\/20210512_101650612186512950896549.jpg?resize=768%2C432&amp;ssl=1 768w, https:\/\/i0.wp.com\/sailingmirabella.com\/wp-content\/uploads\/2021\/05\/20210512_101650612186512950896549.jpg?resize=1536%2C864&amp;ssl=1 1536w, https:\/\/i0.wp.com\/sailingmirabella.com\/wp-content\/uploads\/2021\/05\/20210512_101650612186512950896549.jpg?resize=2048%2C1152&amp;ssl=1 2048w, https:\/\/i0.wp.com\/sailingmirabella.com\/wp-content\/uploads\/2021\/05\/20210512_101650612186512950896549.jpg?w=1650&amp;ssl=1 1650w, https:\/\/i0.wp.com\/sailingmirabella.com\/wp-content\/uploads\/2021\/05\/20210512_101650612186512950896549.jpg?w=2475&amp;ssl=1 2475w\" sizes=\"auto, (max-width: 825px) 100vw, 825px\" \/><\/p>\n<p><img data-recalc-dims=\"1\" loading=\"lazy\" decoding=\"async\" data-attachment-id=\"986\" data-permalink=\"https:\/\/sailingmirabella.com\/de\/20190322_1859578899672192547538980\/\" data-orig-file=\"https:\/\/i0.wp.com\/sailingmirabella.com\/wp-content\/uploads\/2019\/03\/20190322_1859578899672192547538980.jpg?fit=3000%2C1688&amp;ssl=1\" data-orig-size=\"3000,1688\" data-comments-opened=\"1\" data-image-meta=\"{&quot;aperture&quot;:&quot;0&quot;,&quot;credit&quot;:&quot;&quot;,&quot;camera&quot;:&quot;&quot;,&quot;caption&quot;:&quot;&quot;,&quot;created_timestamp&quot;:&quot;0&quot;,&quot;copyright&quot;:&quot;&quot;,&quot;focal_length&quot;:&quot;0&quot;,&quot;iso&quot;:&quot;0&quot;,&quot;shutter_speed&quot;:&quot;0&quot;,&quot;title&quot;:&quot;&quot;,&quot;orientation&quot;:&quot;0&quot;}\" data-image-title=\"20190322_1859578899672192547538980.jpg\" data-image-description=\"\" data-image-caption=\"\" data-large-file=\"https:\/\/i0.wp.com\/sailingmirabella.com\/wp-content\/uploads\/2019\/03\/20190322_1859578899672192547538980.jpg?fit=825%2C464&amp;ssl=1\" class=\"wp-image-986 alignnone size-full\" src=\"https:\/\/i0.wp.com\/sailingmirabella.com\/wp-content\/uploads\/2019\/03\/20190322_1859578899672192547538980.jpg?resize=825%2C464&#038;ssl=1\" width=\"825\" height=\"464\" data-temp-aztec-id=\"f43213ff-e4c2-4c25-98cd-cd8c74cf3655\" srcset=\"https:\/\/i0.wp.com\/sailingmirabella.com\/wp-content\/uploads\/2019\/03\/20190322_1859578899672192547538980.jpg?w=3000&amp;ssl=1 3000w, https:\/\/i0.wp.com\/sailingmirabella.com\/wp-content\/uploads\/2019\/03\/20190322_1859578899672192547538980.jpg?resize=300%2C169&amp;ssl=1 300w, https:\/\/i0.wp.com\/sailingmirabella.com\/wp-content\/uploads\/2019\/03\/20190322_1859578899672192547538980.jpg?resize=768%2C432&amp;ssl=1 768w, https:\/\/i0.wp.com\/sailingmirabella.com\/wp-content\/uploads\/2019\/03\/20190322_1859578899672192547538980.jpg?resize=1024%2C576&amp;ssl=1 1024w, https:\/\/i0.wp.com\/sailingmirabella.com\/wp-content\/uploads\/2019\/03\/20190322_1859578899672192547538980.jpg?w=1650&amp;ssl=1 1650w, https:\/\/i0.wp.com\/sailingmirabella.com\/wp-content\/uploads\/2019\/03\/20190322_1859578899672192547538980.jpg?w=2475&amp;ssl=1 2475w\" sizes=\"auto, (max-width: 825px) 100vw, 825px\" \/><\/p>\n<p><img data-recalc-dims=\"1\" loading=\"lazy\" decoding=\"async\" data-attachment-id=\"5577\" data-permalink=\"https:\/\/sailingmirabella.com\/de\/pictures-exterior\/wp-1640974593451\/\" data-orig-file=\"https:\/\/i0.wp.com\/sailingmirabella.com\/wp-content\/uploads\/2021\/12\/wp-1640974593451.jpg?fit=4032%2C3024&amp;ssl=1\" data-orig-size=\"4032,3024\" data-comments-opened=\"1\" data-image-meta=\"{&quot;aperture&quot;:&quot;2.4&quot;,&quot;credit&quot;:&quot;&quot;,&quot;camera&quot;:&quot;SM-G975F&quot;,&quot;caption&quot;:&quot;&quot;,&quot;created_timestamp&quot;:&quot;1615720208&quot;,&quot;copyright&quot;:&quot;&quot;,&quot;focal_length&quot;:&quot;4.32&quot;,&quot;iso&quot;:&quot;50&quot;,&quot;shutter_speed&quot;:&quot;0.00064102564102564&quot;,&quot;title&quot;:&quot;&quot;,&quot;orientation&quot;:&quot;1&quot;}\" data-image-title=\"wp-1640974593451\" data-image-description=\"\" data-image-caption=\"\" data-large-file=\"https:\/\/i0.wp.com\/sailingmirabella.com\/wp-content\/uploads\/2021\/12\/wp-1640974593451.jpg?fit=825%2C619&amp;ssl=1\" class=\"alignnone size-full wp-image-5577\" src=\"https:\/\/i0.wp.com\/sailingmirabella.com\/wp-content\/uploads\/2021\/12\/wp-1640974593451.jpg?resize=825%2C619&#038;ssl=1\" alt=\"\" width=\"825\" height=\"619\" srcset=\"https:\/\/i0.wp.com\/sailingmirabella.com\/wp-content\/uploads\/2021\/12\/wp-1640974593451.jpg?w=4032&amp;ssl=1 4032w, https:\/\/i0.wp.com\/sailingmirabella.com\/wp-content\/uploads\/2021\/12\/wp-1640974593451.jpg?resize=300%2C225&amp;ssl=1 300w, https:\/\/i0.wp.com\/sailingmirabella.com\/wp-content\/uploads\/2021\/12\/wp-1640974593451.jpg?resize=1024%2C768&amp;ssl=1 1024w, https:\/\/i0.wp.com\/sailingmirabella.com\/wp-content\/uploads\/2021\/12\/wp-1640974593451.jpg?resize=768%2C576&amp;ssl=1 768w, https:\/\/i0.wp.com\/sailingmirabella.com\/wp-content\/uploads\/2021\/12\/wp-1640974593451.jpg?resize=1536%2C1152&amp;ssl=1 1536w, https:\/\/i0.wp.com\/sailingmirabella.com\/wp-content\/uploads\/2021\/12\/wp-1640974593451.jpg?resize=2048%2C1536&amp;ssl=1 2048w, https:\/\/i0.wp.com\/sailingmirabella.com\/wp-content\/uploads\/2021\/12\/wp-1640974593451.jpg?resize=1200%2C900&amp;ssl=1 1200w, https:\/\/i0.wp.com\/sailingmirabella.com\/wp-content\/uploads\/2021\/12\/wp-1640974593451.jpg?resize=800%2C600&amp;ssl=1 800w, https:\/\/i0.wp.com\/sailingmirabella.com\/wp-content\/uploads\/2021\/12\/wp-1640974593451.jpg?resize=400%2C300&amp;ssl=1 400w, https:\/\/i0.wp.com\/sailingmirabella.com\/wp-content\/uploads\/2021\/12\/wp-1640974593451.jpg?resize=200%2C150&amp;ssl=1 200w, https:\/\/i0.wp.com\/sailingmirabella.com\/wp-content\/uploads\/2021\/12\/wp-1640974593451.jpg?w=1650&amp;ssl=1 1650w, https:\/\/i0.wp.com\/sailingmirabella.com\/wp-content\/uploads\/2021\/12\/wp-1640974593451.jpg?w=2475&amp;ssl=1 2475w\" sizes=\"auto, (max-width: 825px) 100vw, 825px\" \/><\/p>\n<p><img data-recalc-dims=\"1\" loading=\"lazy\" decoding=\"async\" data-attachment-id=\"6598\" data-permalink=\"https:\/\/sailingmirabella.com\/de\/yacht\/wp-1644500134754\/\" data-orig-file=\"https:\/\/i0.wp.com\/sailingmirabella.com\/wp-content\/uploads\/2022\/02\/wp-1644500134754.jpg?fit=2697%2C2022&amp;ssl=1\" data-orig-size=\"2697,2022\" data-comments-opened=\"1\" data-image-meta=\"{&quot;aperture&quot;:&quot;2.2&quot;,&quot;credit&quot;:&quot;&quot;,&quot;camera&quot;:&quot;iPhone 12 Pro Max&quot;,&quot;caption&quot;:&quot;&quot;,&quot;created_timestamp&quot;:&quot;1644400429&quot;,&quot;copyright&quot;:&quot;&quot;,&quot;focal_length&quot;:&quot;7.5&quot;,&quot;iso&quot;:&quot;20&quot;,&quot;shutter_speed&quot;:&quot;0.0007&quot;,&quot;title&quot;:&quot;&quot;,&quot;orientation&quot;:&quot;1&quot;}\" data-image-title=\"wp-1644500134754\" data-image-description=\"\" data-image-caption=\"\" data-large-file=\"https:\/\/i0.wp.com\/sailingmirabella.com\/wp-content\/uploads\/2022\/02\/wp-1644500134754.jpg?fit=825%2C619&amp;ssl=1\" class=\"alignnone size-full wp-image-6598\" src=\"https:\/\/i0.wp.com\/sailingmirabella.com\/wp-content\/uploads\/2022\/02\/wp-1644500134754.jpg?resize=825%2C619&#038;ssl=1\" alt=\"\" width=\"825\" height=\"619\" srcset=\"https:\/\/i0.wp.com\/sailingmirabella.com\/wp-content\/uploads\/2022\/02\/wp-1644500134754.jpg?w=2697&amp;ssl=1 2697w, https:\/\/i0.wp.com\/sailingmirabella.com\/wp-content\/uploads\/2022\/02\/wp-1644500134754.jpg?resize=300%2C225&amp;ssl=1 300w, https:\/\/i0.wp.com\/sailingmirabella.com\/wp-content\/uploads\/2022\/02\/wp-1644500134754.jpg?resize=1024%2C768&amp;ssl=1 1024w, https:\/\/i0.wp.com\/sailingmirabella.com\/wp-content\/uploads\/2022\/02\/wp-1644500134754.jpg?resize=768%2C576&amp;ssl=1 768w, https:\/\/i0.wp.com\/sailingmirabella.com\/wp-content\/uploads\/2022\/02\/wp-1644500134754.jpg?resize=1536%2C1152&amp;ssl=1 1536w, https:\/\/i0.wp.com\/sailingmirabella.com\/wp-content\/uploads\/2022\/02\/wp-1644500134754.jpg?resize=2048%2C1535&amp;ssl=1 2048w, https:\/\/i0.wp.com\/sailingmirabella.com\/wp-content\/uploads\/2022\/02\/wp-1644500134754.jpg?resize=1200%2C900&amp;ssl=1 1200w, https:\/\/i0.wp.com\/sailingmirabella.com\/wp-content\/uploads\/2022\/02\/wp-1644500134754.jpg?resize=800%2C600&amp;ssl=1 800w, https:\/\/i0.wp.com\/sailingmirabella.com\/wp-content\/uploads\/2022\/02\/wp-1644500134754.jpg?resize=400%2C300&amp;ssl=1 400w, https:\/\/i0.wp.com\/sailingmirabella.com\/wp-content\/uploads\/2022\/02\/wp-1644500134754.jpg?resize=200%2C150&amp;ssl=1 200w, https:\/\/i0.wp.com\/sailingmirabella.com\/wp-content\/uploads\/2022\/02\/wp-1644500134754.jpg?w=1650&amp;ssl=1 1650w, https:\/\/i0.wp.com\/sailingmirabella.com\/wp-content\/uploads\/2022\/02\/wp-1644500134754.jpg?w=2475&amp;ssl=1 2475w\" sizes=\"auto, (max-width: 825px) 100vw, 825px\" \/><\/p>","protected":false},"excerpt":{"rendered":"<p>Die Mirabella ist eine X-482, ein Hochleistungskreuzer des renommierten und hoch angesehenen d\u00e4nischen Yachtbauers X-Yachts. Gebaut im Jahr 1999. Wenn Sie auf der Suche nach einem Blauwasser-Performance-Cruiser sind, ganz neu ausgestattet und bereit, \u00fcberall hinzufahren und als Erster anzukommen, dann ist dies Ihre Yacht. Sie bietet ein unvergleichliches Segelvergn\u00fcgen bei allen Windverh\u00e4ltnissen. Alle Ger\u00e4te neu,... <a href=\"https:\/\/sailingmirabella.com\/de\/yacht\/\" class=\"more-link\">Weiterlesen <span class=\"screen-reader-text\">X-Yachts X-482<\/span><\/a><\/p>","protected":false},"author":1,"featured_media":0,"parent":0,"menu_order":0,"comment_status":"closed","ping_status":"closed","template":"","meta":{"advanced_seo_description":"","jetpack_seo_html_title":"","jetpack_seo_noindex":false,"footnotes":""},"tags":[],"class_list":["post-42","page","type-page","status-publish","hentry","without-featured-image"],"jetpack_sharing_enabled":true,"jetpack_shortlink":"https:\/\/wp.me\/P9yaUg-G","jetpack_likes_enabled":true,"amp_enabled":true,"_links":{"self":[{"href":"https:\/\/sailingmirabella.com\/de\/wp-json\/wp\/v2\/pages\/42","targetHints":{"allow":["GET"]}}],"collection":[{"href":"https:\/\/sailingmirabella.com\/de\/wp-json\/wp\/v2\/pages"}],"about":[{"href":"https:\/\/sailingmirabella.com\/de\/wp-json\/wp\/v2\/types\/page"}],"author":[{"embeddable":true,"href":"https:\/\/sailingmirabella.com\/de\/wp-json\/wp\/v2\/users\/1"}],"replies":[{"embeddable":true,"href":"https:\/\/sailingmirabella.com\/de\/wp-json\/wp\/v2\/comments?post=42"}],"version-history":[{"count":48,"href":"https:\/\/sailingmirabella.com\/de\/wp-json\/wp\/v2\/pages\/42\/revisions"}],"predecessor-version":[{"id":8591,"href":"https:\/\/sailingmirabella.com\/de\/wp-json\/wp\/v2\/pages\/42\/revisions\/8591"}],"wp:attachment":[{"href":"https:\/\/sailingmirabella.com\/de\/wp-json\/wp\/v2\/media?parent=42"}],"wp:term":[{"taxonomy":"post_tag","embeddable":true,"href":"https:\/\/sailingmirabella.com\/de\/wp-json\/wp\/v2\/tags?post=42"}],"curies":[{"name":"wp","href":"https:\/\/api.w.org\/{rel}","templated":true}]}}