{"id":41,"date":"2018-01-20T01:59:40","date_gmt":"2018-01-20T01:59:40","guid":{"rendered":"https:\/\/sailingmirabella.com\/?page_id=41"},"modified":"2019-04-15T14:23:44","modified_gmt":"2019-04-15T14:23:44","slug":"crew","status":"publish","type":"page","link":"https:\/\/sailingmirabella.com\/de\/crew\/","title":{"rendered":"Crew"},"content":{"rendered":"<p><img data-recalc-dims=\"1\" loading=\"lazy\" decoding=\"async\" data-attachment-id=\"1064\" data-permalink=\"https:\/\/sailingmirabella.com\/de\/crew\/hero14215986460604436725\/\" data-orig-file=\"https:\/\/i0.wp.com\/sailingmirabella.com\/wp-content\/uploads\/2019\/04\/hero14215986460604436725.jpg?fit=3000%2C2000&amp;ssl=1\" data-orig-size=\"3000,2000\" data-comments-opened=\"1\" data-image-meta=\"{&quot;aperture&quot;:&quot;0&quot;,&quot;credit&quot;:&quot;&quot;,&quot;camera&quot;:&quot;&quot;,&quot;caption&quot;:&quot;&quot;,&quot;created_timestamp&quot;:&quot;0&quot;,&quot;copyright&quot;:&quot;&quot;,&quot;focal_length&quot;:&quot;0&quot;,&quot;iso&quot;:&quot;0&quot;,&quot;shutter_speed&quot;:&quot;0&quot;,&quot;title&quot;:&quot;&quot;,&quot;orientation&quot;:&quot;0&quot;}\" data-image-title=\"hero14215986460604436725.jpg\" data-image-description=\"\" data-image-caption=\"\" data-medium-file=\"https:\/\/i0.wp.com\/sailingmirabella.com\/wp-content\/uploads\/2019\/04\/hero14215986460604436725.jpg?fit=300%2C200&amp;ssl=1\" data-large-file=\"https:\/\/i0.wp.com\/sailingmirabella.com\/wp-content\/uploads\/2019\/04\/hero14215986460604436725.jpg?fit=825%2C550&amp;ssl=1\" class=\"wp-image-1064 alignnone size-full\" src=\"https:\/\/i0.wp.com\/sailingmirabella.com\/wp-content\/uploads\/2019\/04\/hero14215986460604436725.jpg?resize=825%2C550&#038;ssl=1\" width=\"825\" height=\"550\" data-temp-aztec-id=\"2db2875e-bd5f-4cc9-97d6-7b4f5f94a6ef\" srcset=\"https:\/\/i0.wp.com\/sailingmirabella.com\/wp-content\/uploads\/2019\/04\/hero14215986460604436725.jpg?w=3000&amp;ssl=1 3000w, https:\/\/i0.wp.com\/sailingmirabella.com\/wp-content\/uploads\/2019\/04\/hero14215986460604436725.jpg?resize=300%2C200&amp;ssl=1 300w, https:\/\/i0.wp.com\/sailingmirabella.com\/wp-content\/uploads\/2019\/04\/hero14215986460604436725.jpg?resize=768%2C512&amp;ssl=1 768w, https:\/\/i0.wp.com\/sailingmirabella.com\/wp-content\/uploads\/2019\/04\/hero14215986460604436725.jpg?resize=1024%2C683&amp;ssl=1 1024w, https:\/\/i0.wp.com\/sailingmirabella.com\/wp-content\/uploads\/2019\/04\/hero14215986460604436725.jpg?w=1650&amp;ssl=1 1650w, https:\/\/i0.wp.com\/sailingmirabella.com\/wp-content\/uploads\/2019\/04\/hero14215986460604436725.jpg?w=2475&amp;ssl=1 2475w\" sizes=\"auto, (max-width: 825px) 100vw, 825px\" \/><\/p>\n<blockquote><p><img data-recalc-dims=\"1\" loading=\"lazy\" decoding=\"async\" data-attachment-id=\"1060\" data-permalink=\"https:\/\/sailingmirabella.com\/de\/20190308_1039451702410559931118986\/\" data-orig-file=\"https:\/\/i0.wp.com\/sailingmirabella.com\/wp-content\/uploads\/2019\/04\/20190308_1039451702410559931118986.jpg?fit=3000%2C1688&amp;ssl=1\" data-orig-size=\"3000,1688\" data-comments-opened=\"1\" data-image-meta=\"{&quot;aperture&quot;:&quot;0&quot;,&quot;credit&quot;:&quot;&quot;,&quot;camera&quot;:&quot;&quot;,&quot;caption&quot;:&quot;&quot;,&quot;created_timestamp&quot;:&quot;0&quot;,&quot;copyright&quot;:&quot;&quot;,&quot;focal_length&quot;:&quot;0&quot;,&quot;iso&quot;:&quot;0&quot;,&quot;shutter_speed&quot;:&quot;0&quot;,&quot;title&quot;:&quot;&quot;,&quot;orientation&quot;:&quot;0&quot;}\" data-image-title=\"20190308_1039451702410559931118986.jpg\" data-image-description=\"\" data-image-caption=\"\" data-medium-file=\"https:\/\/i0.wp.com\/sailingmirabella.com\/wp-content\/uploads\/2019\/04\/20190308_1039451702410559931118986.jpg?fit=300%2C169&amp;ssl=1\" data-large-file=\"https:\/\/i0.wp.com\/sailingmirabella.com\/wp-content\/uploads\/2019\/04\/20190308_1039451702410559931118986.jpg?fit=825%2C464&amp;ssl=1\" class=\"alignleft wp-image-1060 size-medium\" src=\"https:\/\/i0.wp.com\/sailingmirabella.com\/wp-content\/uploads\/2019\/04\/20190308_1039451702410559931118986.jpg?resize=300%2C169&#038;ssl=1\" alt=\"\" width=\"300\" height=\"169\" data-temp-aztec-id=\"84fa3f0f-0a04-477e-85fc-218c037ff06a\" srcset=\"https:\/\/i0.wp.com\/sailingmirabella.com\/wp-content\/uploads\/2019\/04\/20190308_1039451702410559931118986.jpg?resize=300%2C169&amp;ssl=1 300w, https:\/\/i0.wp.com\/sailingmirabella.com\/wp-content\/uploads\/2019\/04\/20190308_1039451702410559931118986.jpg?resize=768%2C432&amp;ssl=1 768w, https:\/\/i0.wp.com\/sailingmirabella.com\/wp-content\/uploads\/2019\/04\/20190308_1039451702410559931118986.jpg?resize=1024%2C576&amp;ssl=1 1024w, https:\/\/i0.wp.com\/sailingmirabella.com\/wp-content\/uploads\/2019\/04\/20190308_1039451702410559931118986.jpg?w=1650&amp;ssl=1 1650w, https:\/\/i0.wp.com\/sailingmirabella.com\/wp-content\/uploads\/2019\/04\/20190308_1039451702410559931118986.jpg?w=2475&amp;ssl=1 2475w\" sizes=\"auto, (max-width: 300px) 100vw, 300px\" \/><\/p><\/blockquote>\n<p>Andr\u00e9 lernte um die Jahrtausendwende im sch\u00f6nen Sydney das Segeln. Eine Leidenschaft, die ihn nicht so schnell loslie\u00df. Er verlie\u00df Sydney als kompetente Crew und ging sofort auf eine Atlantik\u00fcberquerung von Europa in die Karibik. Das machte ihn endg\u00fcltig s\u00fcchtig. Die Idee f\u00fcr eine l\u00e4ngere Segelreise war geboren.<\/p>\n<p>Es folgten viele Jahre als Charterer im Mittelmeer, eine weitere Atlantik\u00fcberquerung und eine formale Ausbildung zum RYA Yachtmaster Offshore. Der Traum von einer Weltumsegelung entwickelte sich ebenso wie das Familienleben, verschwand aber nie. Im Jahr 2014 kauften Andr\u00e9 und Eva Maria die Mirabella, um sie f\u00fcr eine l\u00e4ngere Reise vorzubereiten.<\/p>\n<p>In seinem Leben als Landratte verwaltet Andr\u00e9 gro\u00dfe IT-Programme und -Abteilungen f\u00fcr Finanzinstitute.<\/p>\n<p><img data-recalc-dims=\"1\" loading=\"lazy\" decoding=\"async\" data-attachment-id=\"1061\" data-permalink=\"https:\/\/sailingmirabella.com\/de\/20190304_1338081728589675825835768\/\" data-orig-file=\"https:\/\/i0.wp.com\/sailingmirabella.com\/wp-content\/uploads\/2019\/04\/20190304_1338081728589675825835768.jpg?fit=3000%2C1688&amp;ssl=1\" data-orig-size=\"3000,1688\" data-comments-opened=\"1\" data-image-meta=\"{&quot;aperture&quot;:&quot;0&quot;,&quot;credit&quot;:&quot;&quot;,&quot;camera&quot;:&quot;&quot;,&quot;caption&quot;:&quot;&quot;,&quot;created_timestamp&quot;:&quot;0&quot;,&quot;copyright&quot;:&quot;&quot;,&quot;focal_length&quot;:&quot;0&quot;,&quot;iso&quot;:&quot;0&quot;,&quot;shutter_speed&quot;:&quot;0&quot;,&quot;title&quot;:&quot;&quot;,&quot;orientation&quot;:&quot;0&quot;}\" data-image-title=\"20190304_1338081728589675825835768.jpg\" data-image-description=\"\" data-image-caption=\"\" data-medium-file=\"https:\/\/i0.wp.com\/sailingmirabella.com\/wp-content\/uploads\/2019\/04\/20190304_1338081728589675825835768.jpg?fit=300%2C169&amp;ssl=1\" data-large-file=\"https:\/\/i0.wp.com\/sailingmirabella.com\/wp-content\/uploads\/2019\/04\/20190304_1338081728589675825835768.jpg?fit=825%2C464&amp;ssl=1\" class=\"alignleft wp-image-1061 size-medium\" src=\"https:\/\/i0.wp.com\/sailingmirabella.com\/wp-content\/uploads\/2019\/04\/20190304_1338081728589675825835768.jpg?resize=300%2C169&#038;ssl=1\" width=\"300\" height=\"169\" data-temp-aztec-id=\"4bdd698d-6800-41a7-b26c-0bb1b9926b92\" srcset=\"https:\/\/i0.wp.com\/sailingmirabella.com\/wp-content\/uploads\/2019\/04\/20190304_1338081728589675825835768.jpg?w=3000&amp;ssl=1 3000w, https:\/\/i0.wp.com\/sailingmirabella.com\/wp-content\/uploads\/2019\/04\/20190304_1338081728589675825835768.jpg?resize=300%2C169&amp;ssl=1 300w, https:\/\/i0.wp.com\/sailingmirabella.com\/wp-content\/uploads\/2019\/04\/20190304_1338081728589675825835768.jpg?resize=768%2C432&amp;ssl=1 768w, https:\/\/i0.wp.com\/sailingmirabella.com\/wp-content\/uploads\/2019\/04\/20190304_1338081728589675825835768.jpg?resize=1024%2C576&amp;ssl=1 1024w, https:\/\/i0.wp.com\/sailingmirabella.com\/wp-content\/uploads\/2019\/04\/20190304_1338081728589675825835768.jpg?w=1650&amp;ssl=1 1650w, https:\/\/i0.wp.com\/sailingmirabella.com\/wp-content\/uploads\/2019\/04\/20190304_1338081728589675825835768.jpg?w=2475&amp;ssl=1 2475w\" sizes=\"auto, (max-width: 300px) 100vw, 300px\" \/><\/p>\n<p>Eva Maria ist wahrscheinlich die beste Steuerfrau an Bord der Mirabella. Sie \u00fcbernimmt gerne das Ruder und beh\u00e4lt die Kontrolle und steuert einen hervorragenden Kurs.<\/p>\n<p>Sie begann im Mittelmeer zu segeln. Kroatien, Korsika, Griechenland und Mallorca sind einige ihrer Lieblingsreviere. Eva Maria hat in der windigen Meerenge von Gibraltar ein RYA Day Skipper-Zertifikat erworben.<\/p>\n<p>Eva Maria ist f\u00fcr die gesamte Versorgung an Bord der Mirabella zust\u00e4ndig und eine hervorragende K\u00f6chin. Alle einheimischen Zutaten werden eingekauft, gelagert und schlie\u00dflich verwendet. Eva Maria ist auch die Leiterin des Mirabella-Internats. Sie bekommt hervorragende Kritiken von den Sch\u00fclern...<\/p>\n<p><img data-recalc-dims=\"1\" loading=\"lazy\" decoding=\"async\" data-attachment-id=\"1063\" data-permalink=\"https:\/\/sailingmirabella.com\/de\/20180829_1311353413741900159171624\/\" data-orig-file=\"https:\/\/i0.wp.com\/sailingmirabella.com\/wp-content\/uploads\/2019\/04\/20180829_1311353413741900159171624.jpg?fit=2880%2C2160&amp;ssl=1\" data-orig-size=\"2880,2160\" data-comments-opened=\"1\" data-image-meta=\"{&quot;aperture&quot;:&quot;0&quot;,&quot;credit&quot;:&quot;&quot;,&quot;camera&quot;:&quot;&quot;,&quot;caption&quot;:&quot;&quot;,&quot;created_timestamp&quot;:&quot;0&quot;,&quot;copyright&quot;:&quot;&quot;,&quot;focal_length&quot;:&quot;0&quot;,&quot;iso&quot;:&quot;0&quot;,&quot;shutter_speed&quot;:&quot;0&quot;,&quot;title&quot;:&quot;&quot;,&quot;orientation&quot;:&quot;0&quot;}\" data-image-title=\"20180829_1311353413741900159171624.jpg\" data-image-description=\"\" data-image-caption=\"\" data-medium-file=\"https:\/\/i0.wp.com\/sailingmirabella.com\/wp-content\/uploads\/2019\/04\/20180829_1311353413741900159171624.jpg?fit=300%2C225&amp;ssl=1\" data-large-file=\"https:\/\/i0.wp.com\/sailingmirabella.com\/wp-content\/uploads\/2019\/04\/20180829_1311353413741900159171624.jpg?fit=825%2C619&amp;ssl=1\" class=\"alignleft wp-image-1063 size-medium\" src=\"https:\/\/i0.wp.com\/sailingmirabella.com\/wp-content\/uploads\/2019\/04\/20180829_1311353413741900159171624.jpg?resize=300%2C225&#038;ssl=1\" alt=\"\" width=\"300\" height=\"225\" data-temp-aztec-id=\"878084a5-de40-40d9-9d16-23e30dd03a2b\" srcset=\"https:\/\/i0.wp.com\/sailingmirabella.com\/wp-content\/uploads\/2019\/04\/20180829_1311353413741900159171624.jpg?resize=300%2C225&amp;ssl=1 300w, https:\/\/i0.wp.com\/sailingmirabella.com\/wp-content\/uploads\/2019\/04\/20180829_1311353413741900159171624.jpg?resize=768%2C576&amp;ssl=1 768w, https:\/\/i0.wp.com\/sailingmirabella.com\/wp-content\/uploads\/2019\/04\/20180829_1311353413741900159171624.jpg?resize=1024%2C768&amp;ssl=1 1024w, https:\/\/i0.wp.com\/sailingmirabella.com\/wp-content\/uploads\/2019\/04\/20180829_1311353413741900159171624.jpg?w=1650&amp;ssl=1 1650w, https:\/\/i0.wp.com\/sailingmirabella.com\/wp-content\/uploads\/2019\/04\/20180829_1311353413741900159171624.jpg?w=2475&amp;ssl=1 2475w\" sizes=\"auto, (max-width: 300px) 100vw, 300px\" \/><\/p>\n<p>Amina war 2 Jahre alt, als wir unsere Reise durch Europa begannen. Sie ist super abenteuerlustig, voller Energie und Enthusiasmus und h\u00f6rt auf niemanden, daher ist sie st\u00e4ndig verletzt.<\/p>\n<p><img data-recalc-dims=\"1\" loading=\"lazy\" decoding=\"async\" data-attachment-id=\"1067\" data-permalink=\"https:\/\/sailingmirabella.com\/de\/20190329_100652-jpg\/\" data-orig-file=\"https:\/\/i0.wp.com\/sailingmirabella.com\/wp-content\/uploads\/2019\/04\/20190329_100652.jpg?fit=3024%2C4032&amp;ssl=1\" data-orig-size=\"3024,4032\" data-comments-opened=\"1\" data-image-meta=\"{&quot;aperture&quot;:&quot;1.7&quot;,&quot;credit&quot;:&quot;&quot;,&quot;camera&quot;:&quot;SM-G935F&quot;,&quot;caption&quot;:&quot;&quot;,&quot;created_timestamp&quot;:&quot;1553854012&quot;,&quot;copyright&quot;:&quot;&quot;,&quot;focal_length&quot;:&quot;4.2&quot;,&quot;iso&quot;:&quot;40&quot;,&quot;shutter_speed&quot;:&quot;0.00036231884057971&quot;,&quot;title&quot;:&quot;&quot;,&quot;orientation&quot;:&quot;1&quot;}\" data-image-title=\"20190329_100652.jpg\" data-image-description=\"\" data-image-caption=\"\" data-medium-file=\"https:\/\/i0.wp.com\/sailingmirabella.com\/wp-content\/uploads\/2019\/04\/20190329_100652.jpg?fit=225%2C300&amp;ssl=1\" data-large-file=\"https:\/\/i0.wp.com\/sailingmirabella.com\/wp-content\/uploads\/2019\/04\/20190329_100652.jpg?fit=768%2C1024&amp;ssl=1\" class=\"alignleft wp-image-1067 size-medium\" src=\"https:\/\/i0.wp.com\/sailingmirabella.com\/wp-content\/uploads\/2019\/04\/20190329_100652.jpg?resize=225%2C300&#038;ssl=1\" alt=\"\" width=\"225\" height=\"300\" srcset=\"https:\/\/i0.wp.com\/sailingmirabella.com\/wp-content\/uploads\/2019\/04\/20190329_100652.jpg?resize=225%2C300&amp;ssl=1 225w, https:\/\/i0.wp.com\/sailingmirabella.com\/wp-content\/uploads\/2019\/04\/20190329_100652.jpg?resize=768%2C1024&amp;ssl=1 768w, https:\/\/i0.wp.com\/sailingmirabella.com\/wp-content\/uploads\/2019\/04\/20190329_100652.jpg?w=1650&amp;ssl=1 1650w, https:\/\/i0.wp.com\/sailingmirabella.com\/wp-content\/uploads\/2019\/04\/20190329_100652.jpg?w=2475&amp;ssl=1 2475w\" sizes=\"auto, (max-width: 225px) 100vw, 225px\" \/><\/p>\n<p>Ja\u00ebl ist im Begriff, eine kompetente Crew zu werden. Im Laufe unserer Reise entwickelt sie sich phantastisch zu einer sehr jungen Crew. Sie interessiert sich f\u00fcr das Segeln, ist immer hilfsbereit bei der Wartung des Bootes und hat in Sydney ihren ersten Fisch gefangen.<br \/>\nJa\u00ebl ist ein begeisterter Wanderer und geht stundenlang ohne Beschwerden.<\/p>","protected":false},"excerpt":{"rendered":"<p>Andr\u00e9 lernte um die Jahrtausendwende im sch\u00f6nen Sydney das Segeln. Eine Leidenschaft, die ihn nicht so schnell loslie\u00df. Er verlie\u00df Sydney als kompetente Crew und ging sofort auf eine Atlantik\u00fcberquerung von Europa in die Karibik. Das hat ihn endg\u00fcltig s\u00fcchtig gemacht. Die Idee zu einer l\u00e4ngeren Segelreise... <a href=\"https:\/\/sailingmirabella.com\/de\/crew\/\" class=\"more-link\">Weiterlesen <span class=\"screen-reader-text\">Crew<\/span><\/a><\/p>","protected":false},"author":1,"featured_media":0,"parent":0,"menu_order":0,"comment_status":"closed","ping_status":"closed","template":"","meta":{"advanced_seo_description":"","jetpack_seo_html_title":"","jetpack_seo_noindex":false,"jetpack_post_was_ever_published":false,"footnotes":""},"tags":[],"class_list":["post-41","page","type-page","status-publish","hentry","without-featured-image"],"jetpack_sharing_enabled":true,"jetpack_shortlink":"https:\/\/wp.me\/P9yaUg-F","jetpack_likes_enabled":true,"amp_enabled":true,"_links":{"self":[{"href":"https:\/\/sailingmirabella.com\/de\/wp-json\/wp\/v2\/pages\/41","targetHints":{"allow":["GET"]}}],"collection":[{"href":"https:\/\/sailingmirabella.com\/de\/wp-json\/wp\/v2\/pages"}],"about":[{"href":"https:\/\/sailingmirabella.com\/de\/wp-json\/wp\/v2\/types\/page"}],"author":[{"embeddable":true,"href":"https:\/\/sailingmirabella.com\/de\/wp-json\/wp\/v2\/users\/1"}],"replies":[{"embeddable":true,"href":"https:\/\/sailingmirabella.com\/de\/wp-json\/wp\/v2\/comments?post=41"}],"version-history":[{"count":7,"href":"https:\/\/sailingmirabella.com\/de\/wp-json\/wp\/v2\/pages\/41\/revisions"}],"predecessor-version":[{"id":1077,"href":"https:\/\/sailingmirabella.com\/de\/wp-json\/wp\/v2\/pages\/41\/revisions\/1077"}],"wp:attachment":[{"href":"https:\/\/sailingmirabella.com\/de\/wp-json\/wp\/v2\/media?parent=41"}],"wp:term":[{"taxonomy":"post_tag","embeddable":true,"href":"https:\/\/sailingmirabella.com\/de\/wp-json\/wp\/v2\/tags?post=41"}],"curies":[{"name":"wp","href":"https:\/\/api.w.org\/{rel}","templated":true}]}}